{"id":1020,"date":"2022-01-30T20:11:44","date_gmt":"2022-01-30T19:11:44","guid":{"rendered":"http:\/\/maciej-skarbek.com\/?page_id=1020"},"modified":"2023-02-18T12:07:50","modified_gmt":"2023-02-18T11:07:50","slug":"termine-konzerte","status":"publish","type":"page","link":"https:\/\/maciej-skarbek.com\/en\/termine-konzerte\/","title":{"rendered":"Events"},"content":{"rendered":"<div class=\"vc_row wpb_row vc_row-fluid vc_custom_1646908263916\"><div class=\"wpb_column vc_column_container vc_col-sm-12\"><div class=\"vc_column-inner\"><div class=\"wpb_wrapper\"><div class=\"title-wrapper left\">\n        <h2>Upcoming Events<\/h2>\n         <div class=\"sub-text-title\"><\/div><div><img decoding=\"async\" style=\" height: 0; border-bottom: px solid #2980b9; width: 50px\" src=\"https:\/\/maciej-skarbek.com\/wp-content\/themes\/milano\/images\/sub-handmade.png\" class=\"sub-handmade\"><\/div><\/div><div id=\"vsel\" class=\"vsel-shortcode vsel-shortcode-upcoming-events\"><p class=\"vsel-no-events\">Currently there are no future events. This page will be updated soon.<\/p><\/div><\/div><\/div><\/div><\/div><div class=\"vc_row wpb_row vc_row-fluid vc_custom_1646908219687\"><div class=\"wpb_column vc_column_container vc_col-sm-12\"><div class=\"vc_column-inner\"><div class=\"wpb_wrapper\"><div class=\"title-wrapper left\">\n        <h2>Past events<\/h2>\n         <div class=\"sub-text-title\"><\/div><div><img decoding=\"async\" style=\" height: 0; border-bottom: px solid #2980b9; width: 50px\" src=\"https:\/\/maciej-skarbek.com\/wp-content\/themes\/milano\/images\/sub-handmade.png\" class=\"sub-handmade\"><\/div><\/div><div  class=\"vc_wp_posts wpb_content_element\"><\/div><\/div><\/div><\/div><\/div><div class=\"vc_row wpb_row vc_row-fluid\"><div class=\"wpb_column vc_column_container vc_col-sm-12\"><div class=\"vc_column-inner\"><div class=\"wpb_wrapper\"><div id=\"vsel\" class=\"vsel-shortcode vsel-shortcode-past-events\"><div id=\"event-1571\" class=\"vsel-content vsel-past\"><div class=\"vsel-meta\" style=\"width:100%; box-sizing:border-box;\"><h3 class=\"vsel-meta-title\">Kammerkonzert mit Stefan Tomaschitz: Otto Neurath und Isotype<\/h3><div class=\"vsel-meta-date vsel-meta-single-date\"><span>19.March 26<\/span><\/div><div class=\"vsel-meta-time\"><span>19:30<\/span><\/div><div class=\"vsel-meta-location\"><span>Wien Museum | Wien | \u00d6sterreich<\/span><\/div><div class=\"vsel-meta-link\"><a href=\"https:\/\/www.wienersymphoniker.at\/konzert\/kammerkonzert-otto-neurath-und-isotype-19-03-2026\" rel=\"noopener noreferrer\" target=\"_blank\" title=\"https:\/\/www.wienersymphoniker.at\/konzert\/kammerkonzert-otto-neurath-und-isotype-19-03-2026\">More info<\/a><\/div><\/div><\/div><div id=\"event-1570\" class=\"vsel-content vsel-past\"><div class=\"vsel-meta\" style=\"width:100%; box-sizing:border-box;\"><h3 class=\"vsel-meta-title\">mdw Wien | Konzert der Piccoloklasse | Studierende von Renate Linortner<\/h3><div class=\"vsel-meta-date vsel-meta-single-date\"><span>17.December 25<\/span><\/div><div class=\"vsel-meta-time\"><span>11:00<\/span><\/div><div class=\"vsel-meta-location\"><span>Fanny Hensel-Saal | Universit\u00e4t f\u00fcr Musik und darstellende Kunst Wien | Wien | \u00d6sterreich<\/span><\/div><div class=\"vsel-meta-link\"><a href=\"https:\/\/www.mdw.ac.at\/veranstaltung\/\" rel=\"noopener noreferrer\" target=\"_blank\" title=\"https:\/\/www.mdw.ac.at\/veranstaltung\/\">More info<\/a><\/div><\/div><\/div><div id=\"event-1569\" class=\"vsel-content vsel-past\"><div class=\"vsel-meta\" style=\"width:100%; box-sizing:border-box;\"><h3 class=\"vsel-meta-title\">mdw Wien | Konzert der Fl\u00f6tenklasse | Studierende von Sonja Korak<\/h3><div class=\"vsel-meta-date vsel-meta-single-date\"><span>16.December 25<\/span><\/div><div class=\"vsel-meta-time\"><span>18:00<\/span><\/div><div class=\"vsel-meta-location\"><span>Alter Konzertsaal | Universit\u00e4t f\u00fcr Musik und darstellende Kunst Wien | Wien | \u00d6sterreich<\/span><\/div><div class=\"vsel-meta-link\"><a href=\"https:\/\/www.mdw.ac.at\/veranstaltung\/\" rel=\"noopener noreferrer\" target=\"_blank\" title=\"https:\/\/www.mdw.ac.at\/veranstaltung\/\">More info<\/a><\/div><\/div><\/div><div id=\"event-1568\" class=\"vsel-content vsel-past\"><div class=\"vsel-meta\" style=\"width:100%; box-sizing:border-box;\"><h3 class=\"vsel-meta-title\">mdw Wien | Konzert der Wiener Hornklasse | Studierende von Christoph Peham<\/h3><div class=\"vsel-meta-date vsel-meta-single-date\"><span>24.October 25<\/span><\/div><div class=\"vsel-meta-time\"><span>19:00<\/span><\/div><div class=\"vsel-meta-location\"><span>Fanny Hensel-Saal | Universit\u00e4t f\u00fcr Musik und darstellende Kunst Wien | Wien | \u00d6sterreich<\/span><\/div><div class=\"vsel-meta-link\"><a href=\"https:\/\/www.mdw.ac.at\/veranstaltung\/\" rel=\"noopener noreferrer\" target=\"_blank\" title=\"https:\/\/www.mdw.ac.at\/veranstaltung\/\">More info<\/a><\/div><\/div><\/div><div id=\"event-1567\" class=\"vsel-content vsel-past\"><div class=\"vsel-meta\" style=\"width:100%; box-sizing:border-box;\"><h3 class=\"vsel-meta-title\">20. Fl\u00f6tenkonzert der Stipendiat*innen des Werner Tripp Memorial Fund 2025<\/h3><div class=\"vsel-meta-date vsel-meta-single-date\"><span>18.October 25<\/span><\/div><div class=\"vsel-meta-time\"><span>11:00<\/span><\/div><div class=\"vsel-meta-location\"><span>Konzertsaal | Future Art Lab | Universit\u00e4t f\u00fcr Musik und darstellende Kunst Wien | Wien | \u00d6sterreich<\/span><\/div><div class=\"vsel-meta-link\"><a href=\"https:\/\/www.mdw.ac.at\/veranstaltung\/\" rel=\"noopener noreferrer\" target=\"_blank\" title=\"https:\/\/www.mdw.ac.at\/veranstaltung\/\">More info<\/a><\/div><\/div><\/div><div id=\"event-1560\" class=\"vsel-content vsel-past\"><div class=\"vsel-meta\" style=\"width:100%; box-sizing:border-box;\"><h3 class=\"vsel-meta-title\">Tibor Varga International Violin Competition<\/h3><div class=\"vsel-meta-date vsel-meta-single-date\"><span>26.August 25<\/span><\/div><div class=\"vsel-meta-time vsel-meta-all-day\">All-day event<\/div><div class=\"vsel-meta-location\"><span>Sion | Schweiz<\/span><\/div><div class=\"vsel-meta-link\"><a href=\"https:\/\/sion-violon-musique.ch\/en\/homepage-concours-en-2\/\" rel=\"noopener noreferrer\" target=\"_blank\" title=\"https:\/\/sion-violon-musique.ch\/en\/homepage-concours-en-2\/\">More info<\/a><\/div><\/div><\/div><div id=\"event-1559\" class=\"vsel-content vsel-past\"><div class=\"vsel-meta\" style=\"width:100%; box-sizing:border-box;\"><h3 class=\"vsel-meta-title\">Tibor Varga International Violin Competition<\/h3><div class=\"vsel-meta-date vsel-meta-single-date\"><span>25.August 25<\/span><\/div><div class=\"vsel-meta-time vsel-meta-all-day\">All-day event<\/div><div class=\"vsel-meta-location\"><span>Sion | Schweiz<\/span><\/div><div class=\"vsel-meta-link\"><a href=\"https:\/\/sion-violon-musique.ch\/en\/homepage-concours-en-2\/\" rel=\"noopener noreferrer\" target=\"_blank\" title=\"https:\/\/sion-violon-musique.ch\/en\/homepage-concours-en-2\/\">More info<\/a><\/div><\/div><\/div><div id=\"event-1557\" class=\"vsel-content vsel-past\"><div class=\"vsel-meta\" style=\"width:100%; box-sizing:border-box;\"><h3 class=\"vsel-meta-title\">Internationale Sommerakademie der mdw 2025 (ISA) | Mit Felix Renggli &amp; Mario Caroli<\/h3><div class=\"vsel-meta-date vsel-meta-single-date\"><span>3.August 25<\/span><\/div><div class=\"vsel-meta-time vsel-meta-all-day\">All-day event<\/div><div class=\"vsel-meta-location\"><span>Universit\u00e4t f\u00fcr Musik und darstellende Kunst Wien | Wien | \u00d6sterreich<\/span><\/div><div class=\"vsel-meta-link\"><a href=\"https:\/\/www.isa-music.org\/de\/\" rel=\"noopener noreferrer\" target=\"_blank\" title=\"https:\/\/www.isa-music.org\/de\/\">More info<\/a><\/div><\/div><\/div><div id=\"event-1556\" class=\"vsel-content vsel-past\"><div class=\"vsel-meta\" style=\"width:100%; box-sizing:border-box;\"><h3 class=\"vsel-meta-title\">Internationale Sommerakademie der mdw 2025 (ISA) | Mit Felix Renggli &amp; Mario Caroli<\/h3><div class=\"vsel-meta-date vsel-meta-single-date\"><span>2.August 25<\/span><\/div><div class=\"vsel-meta-time vsel-meta-all-day\">All-day event<\/div><div class=\"vsel-meta-location\"><span>Universit\u00e4t f\u00fcr Musik und darstellende Kunst Wien | Wien | \u00d6sterreich<\/span><\/div><div class=\"vsel-meta-link\"><a href=\"https:\/\/www.isa-music.org\/de\/\" rel=\"noopener noreferrer\" target=\"_blank\" title=\"https:\/\/www.isa-music.org\/de\/\">More info<\/a><\/div><\/div><\/div><div id=\"event-1555\" class=\"vsel-content vsel-past\"><div class=\"vsel-meta\" style=\"width:100%; box-sizing:border-box;\"><h3 class=\"vsel-meta-title\">Internationale Sommerakademie der mdw 2025 (ISA) | Mit Felix Renggli &amp; Mario Caroli<\/h3><div class=\"vsel-meta-date vsel-meta-single-date\"><span>1.August 25<\/span><\/div><div class=\"vsel-meta-time vsel-meta-all-day\">All-day event<\/div><div class=\"vsel-meta-location\"><span>Universit\u00e4t f\u00fcr Musik und darstellende Kunst Wien | Wien | \u00d6sterreich<\/span><\/div><div class=\"vsel-meta-link\"><a href=\"https:\/\/www.isa-music.org\/de\/\" rel=\"noopener noreferrer\" target=\"_blank\" title=\"https:\/\/www.isa-music.org\/de\/\">More info<\/a><\/div><\/div><\/div><div class=\"vsel-nav\"><a href=\"https:\/\/maciej-skarbek.com\/en\/wp-json\/wp\/v2\/pages\/1020\/page\/2\/\" class=\"vsel-next\">Next &raquo;<\/a><\/div><\/div><\/div><\/div><\/div><\/div>","protected":false},"excerpt":{"rendered":"","protected":false},"author":1,"featured_media":0,"parent":0,"menu_order":2,"comment_status":"closed","ping_status":"closed","template":"","meta":{"footnotes":""},"class_list":["post-1020","page","type-page","status-publish","hentry"],"yoast_head":"<!-- This site is optimized with the Yoast SEO plugin v24.4 - https:\/\/yoast.com\/wordpress\/plugins\/seo\/ -->\n<title>TERMINE - Maciej Skarbek<\/title>\n<meta name=\"description\" content=\"Aktuelle Veranstaltungen &amp; vergangene Termine | Auftritte, Konzerte &amp; Termine von Maciej Skarbek. - Upcoming events | concerts.\" \/>\n<meta name=\"robots\" content=\"index, follow, max-snippet:-1, max-image-preview:large, max-video-preview:-1\" \/>\n<link rel=\"canonical\" href=\"https:\/\/maciej-skarbek.com\/en\/termine-konzerte\/\" \/>\n<meta property=\"og:locale\" content=\"en_GB\" \/>\n<meta property=\"og:type\" content=\"article\" \/>\n<meta property=\"og:title\" content=\"TERMINE - Maciej Skarbek\" \/>\n<meta property=\"og:description\" content=\"Aktuelle Veranstaltungen &amp; vergangene Termine | Auftritte, Konzerte &amp; Termine von Maciej Skarbek. - Upcoming events | concerts.\" \/>\n<meta property=\"og:url\" content=\"https:\/\/maciej-skarbek.com\/en\/termine-konzerte\/\" \/>\n<meta property=\"og:site_name\" content=\"Maciej Skarbek\" \/>\n<meta property=\"article:modified_time\" content=\"2023-02-18T11:07:50+00:00\" \/>\n<meta name=\"twitter:card\" content=\"summary_large_image\" \/>\n<meta name=\"twitter:label1\" content=\"Estimated reading time\" \/>\n\t<meta name=\"twitter:data1\" content=\"1 minute\" \/>\n<script type=\"application\/ld+json\" class=\"yoast-schema-graph\">{\"@context\":\"https:\/\/schema.org\",\"@graph\":[{\"@type\":\"WebPage\",\"@id\":\"https:\/\/maciej-skarbek.com\/termine-konzerte\/\",\"url\":\"https:\/\/maciej-skarbek.com\/termine-konzerte\/\",\"name\":\"TERMINE - Maciej Skarbek\",\"isPartOf\":{\"@id\":\"https:\/\/maciej-skarbek.com\/#website\"},\"datePublished\":\"2022-01-30T19:11:44+00:00\",\"dateModified\":\"2023-02-18T11:07:50+00:00\",\"description\":\"Aktuelle Veranstaltungen & vergangene Termine | Auftritte, Konzerte & Termine von Maciej Skarbek. - Upcoming events | concerts.\",\"breadcrumb\":{\"@id\":\"https:\/\/maciej-skarbek.com\/termine-konzerte\/#breadcrumb\"},\"inLanguage\":\"en-GB\",\"potentialAction\":[{\"@type\":\"ReadAction\",\"target\":[\"https:\/\/maciej-skarbek.com\/termine-konzerte\/\"]}]},{\"@type\":\"BreadcrumbList\",\"@id\":\"https:\/\/maciej-skarbek.com\/termine-konzerte\/#breadcrumb\",\"itemListElement\":[{\"@type\":\"ListItem\",\"position\":1,\"name\":\"Startseite\",\"item\":\"https:\/\/maciej-skarbek.com\/\"},{\"@type\":\"ListItem\",\"position\":2,\"name\":\"TERMINE\"}]},{\"@type\":\"WebSite\",\"@id\":\"https:\/\/maciej-skarbek.com\/#website\",\"url\":\"https:\/\/maciej-skarbek.com\/\",\"name\":\"Maciej Skarbek\",\"description\":\"Pianist &amp; Kammermusiker\",\"publisher\":{\"@id\":\"https:\/\/maciej-skarbek.com\/#\/schema\/person\/a3666db0f7c08d910ad4ab9ceefca573\"},\"potentialAction\":[{\"@type\":\"SearchAction\",\"target\":{\"@type\":\"EntryPoint\",\"urlTemplate\":\"https:\/\/maciej-skarbek.com\/?s={search_term_string}\"},\"query-input\":{\"@type\":\"PropertyValueSpecification\",\"valueRequired\":true,\"valueName\":\"search_term_string\"}}],\"inLanguage\":\"en-GB\"},{\"@type\":[\"Person\",\"Organization\"],\"@id\":\"https:\/\/maciej-skarbek.com\/#\/schema\/person\/a3666db0f7c08d910ad4ab9ceefca573\",\"name\":\"Maciej Skarbek\",\"image\":{\"@type\":\"ImageObject\",\"inLanguage\":\"en-GB\",\"@id\":\"https:\/\/maciej-skarbek.com\/#\/schema\/person\/image\/\",\"url\":\"https:\/\/maciej-skarbek.com\/wp-content\/uploads\/2022\/02\/c-Andrej-Grilc-07229.jpg\",\"contentUrl\":\"https:\/\/maciej-skarbek.com\/wp-content\/uploads\/2022\/02\/c-Andrej-Grilc-07229.jpg\",\"width\":1333,\"height\":2000,\"caption\":\"Maciej Skarbek\"},\"logo\":{\"@id\":\"https:\/\/maciej-skarbek.com\/#\/schema\/person\/image\/\"},\"description\":\"Pianist | Kammermusiker | Arrangeur | Lehrer\",\"sameAs\":[\"http:\/\/www.maciej-skarbek.com\"]}]}<\/script>\n<!-- \/ Yoast SEO plugin. -->","yoast_head_json":{"title":"TERMINE - Maciej Skarbek","description":"Aktuelle Veranstaltungen & vergangene Termine | Auftritte, Konzerte & Termine von Maciej Skarbek. - Upcoming events | concerts.","robots":{"index":"index","follow":"follow","max-snippet":"max-snippet:-1","max-image-preview":"max-image-preview:large","max-video-preview":"max-video-preview:-1"},"canonical":"https:\/\/maciej-skarbek.com\/en\/termine-konzerte\/","og_locale":"en_GB","og_type":"article","og_title":"TERMINE - Maciej Skarbek","og_description":"Aktuelle Veranstaltungen & vergangene Termine | Auftritte, Konzerte & Termine von Maciej Skarbek. - Upcoming events | concerts.","og_url":"https:\/\/maciej-skarbek.com\/en\/termine-konzerte\/","og_site_name":"Maciej Skarbek","article_modified_time":"2023-02-18T11:07:50+00:00","twitter_card":"summary_large_image","twitter_misc":{"Estimated reading time":"1 minute"},"schema":{"@context":"https:\/\/schema.org","@graph":[{"@type":"WebPage","@id":"https:\/\/maciej-skarbek.com\/termine-konzerte\/","url":"https:\/\/maciej-skarbek.com\/termine-konzerte\/","name":"TERMINE - Maciej Skarbek","isPartOf":{"@id":"https:\/\/maciej-skarbek.com\/#website"},"datePublished":"2022-01-30T19:11:44+00:00","dateModified":"2023-02-18T11:07:50+00:00","description":"Aktuelle Veranstaltungen & vergangene Termine | Auftritte, Konzerte & Termine von Maciej Skarbek. - Upcoming events | concerts.","breadcrumb":{"@id":"https:\/\/maciej-skarbek.com\/termine-konzerte\/#breadcrumb"},"inLanguage":"en-GB","potentialAction":[{"@type":"ReadAction","target":["https:\/\/maciej-skarbek.com\/termine-konzerte\/"]}]},{"@type":"BreadcrumbList","@id":"https:\/\/maciej-skarbek.com\/termine-konzerte\/#breadcrumb","itemListElement":[{"@type":"ListItem","position":1,"name":"Startseite","item":"https:\/\/maciej-skarbek.com\/"},{"@type":"ListItem","position":2,"name":"TERMINE"}]},{"@type":"WebSite","@id":"https:\/\/maciej-skarbek.com\/#website","url":"https:\/\/maciej-skarbek.com\/","name":"Maciej Skarbek","description":"Pianist &amp; Kammermusiker","publisher":{"@id":"https:\/\/maciej-skarbek.com\/#\/schema\/person\/a3666db0f7c08d910ad4ab9ceefca573"},"potentialAction":[{"@type":"SearchAction","target":{"@type":"EntryPoint","urlTemplate":"https:\/\/maciej-skarbek.com\/?s={search_term_string}"},"query-input":{"@type":"PropertyValueSpecification","valueRequired":true,"valueName":"search_term_string"}}],"inLanguage":"en-GB"},{"@type":["Person","Organization"],"@id":"https:\/\/maciej-skarbek.com\/#\/schema\/person\/a3666db0f7c08d910ad4ab9ceefca573","name":"Maciej Skarbek","image":{"@type":"ImageObject","inLanguage":"en-GB","@id":"https:\/\/maciej-skarbek.com\/#\/schema\/person\/image\/","url":"https:\/\/maciej-skarbek.com\/wp-content\/uploads\/2022\/02\/c-Andrej-Grilc-07229.jpg","contentUrl":"https:\/\/maciej-skarbek.com\/wp-content\/uploads\/2022\/02\/c-Andrej-Grilc-07229.jpg","width":1333,"height":2000,"caption":"Maciej Skarbek"},"logo":{"@id":"https:\/\/maciej-skarbek.com\/#\/schema\/person\/image\/"},"description":"Pianist | Kammermusiker | Arrangeur | Lehrer","sameAs":["http:\/\/www.maciej-skarbek.com"]}]}},"_links":{"self":[{"href":"https:\/\/maciej-skarbek.com\/en\/wp-json\/wp\/v2\/pages\/1020","targetHints":{"allow":["GET"]}}],"collection":[{"href":"https:\/\/maciej-skarbek.com\/en\/wp-json\/wp\/v2\/pages"}],"about":[{"href":"https:\/\/maciej-skarbek.com\/en\/wp-json\/wp\/v2\/types\/page"}],"author":[{"embeddable":true,"href":"https:\/\/maciej-skarbek.com\/en\/wp-json\/wp\/v2\/users\/1"}],"replies":[{"embeddable":true,"href":"https:\/\/maciej-skarbek.com\/en\/wp-json\/wp\/v2\/comments?post=1020"}],"version-history":[{"count":3,"href":"https:\/\/maciej-skarbek.com\/en\/wp-json\/wp\/v2\/pages\/1020\/revisions"}],"predecessor-version":[{"id":1451,"href":"https:\/\/maciej-skarbek.com\/en\/wp-json\/wp\/v2\/pages\/1020\/revisions\/1451"}],"wp:attachment":[{"href":"https:\/\/maciej-skarbek.com\/en\/wp-json\/wp\/v2\/media?parent=1020"}],"curies":[{"name":"wp","href":"https:\/\/api.w.org\/{rel}","templated":true}]}}